{"id":1262,"date":"2020-05-28T16:07:26","date_gmt":"2020-05-28T14:07:26","guid":{"rendered":"https:\/\/www.cortalprinting.com\/politica-privacidad\/"},"modified":"2020-11-03T19:03:53","modified_gmt":"2020-11-03T18:03:53","slug":"politica-privacitat","status":"publish","type":"page","link":"https:\/\/www.cortalprinting.com\/ca\/politica-privacitat\/","title":{"rendered":"Pol\u00edtica de privacitat"},"content":{"rendered":"\n<p>En compliment de la Llei 34\/2002, de 11 de juliol, de Serveis de la Societat de la Informaci\u00f3 i de Comer\u00e7 Electr\u00f2nic (LSSI-CE), CORTAL PRINTING SL (en endavant, L&#8217;EMPRESA) informa que \u00e9s titular del lloc web www .cortalprinting.com.\u00a0D&#8217;acord amb l&#8217;exig\u00e8ncia de l&#8217;article 10 de l&#8217;esmentada Llei, L&#8217;EMPRESA informa de les seg\u00fcents dades:<\/p>\n\n\n\n<p>El titular d&#8217;aquest lloc web \u00e9s L&#8217;EMPRESA.&nbsp;L&#8217;adre\u00e7a de correu electr\u00f2nic de contacte amb l&#8217;empresa \u00e9s: pcortal @&nbsp;<a href=\"mailto:pcortal@cortalprinting.net\">cortalprinting<\/a>&nbsp;.net<\/p>\n\n\n\n<p><strong>Usuari i r\u00e8gim de responsabilitats<\/strong><\/p>\n\n\n\n<p>La navegaci\u00f3, acc\u00e9s i \u00fas pel lloc web de L&#8217;EMPRESA confereix la condici\u00f3 d&#8217;usuari, per la que s&#8217;accepten, des de la navegaci\u00f3 pel lloc web de L&#8217;EMPRESA, totes les condicions d&#8217;\u00fas aqu\u00ed establertes sense perjudici de l&#8217;aplicaci\u00f3 de la corresponent normativa d&#8217;obligat compliment legal segons el cas.<\/p>\n\n\n\n<p>El lloc web de L&#8217;EMPRESA proporciona gran diversitat d&#8217;informaci\u00f3, serveis i dades.&nbsp;L&#8217;usuari assumeix la seva responsabilitat en l&#8217;\u00fas correcte de la p\u00e0gina web.&nbsp;Aquesta responsabilitat s&#8217;estendr\u00e0 a:<\/p>\n\n\n\n<ul><li>La veracitat i licitud de les informacions aportades per l&#8217;usuari en els formularis facilitats per L&#8217;EMPRESA per a l&#8217;acc\u00e9s a determinats continguts o serveis oferts pel web.<\/li><li>L&#8217;\u00fas de la informaci\u00f3, serveis i dades ofertes per L&#8217;EMPRESA contr\u00e0riament a all\u00f2 disposat per les presents condicions, la Llei, la moral, els bons costums o l&#8217;ordre p\u00fablic, o que de qualsevol altre forma pugui suposar lesi\u00f3 dels drets de tercers o de el mateix funcionament del lloc web.<\/li><\/ul>\n\n\n\n<p><strong>Pol\u00edtica d&#8217;enlla\u00e7os i exempcions de responsabilitat<\/strong><\/p>\n\n\n\n<p>L&#8217;EMPRESA no es fa responsable de l&#8217;contingut dels llocs web als quals l&#8217;usuari pugui accedir a trav\u00e9s dels enlla\u00e7os establerts en el seu lloc web i declara que en cap cas procedir\u00e0 a examinar o exercitar cap tipus de control sobre el contingut d&#8217;altres llocs de la xarxa.&nbsp;Aix\u00ed mateix, tampoc garantir\u00e0 la disponibilitat t\u00e8cnica, exactitud, veracitat, validesa o legalitat de llocs aliens a la seva propietat als quals es pugui accedir per mitj\u00e0 dels enlla\u00e7os.<\/p>\n\n\n\n<p>L&#8217;EMPRESA declara haver adoptat totes les mesures necess\u00e0ries per evitar qualsevol dany als usuaris del seu lloc web, que poguessin derivar-se de la navegaci\u00f3 pel seu lloc web.&nbsp;En conseq\u00fc\u00e8ncia, L&#8217;EMPRESA no es fa responsable, en cap cas, dels eventuals danys que per la navegaci\u00f3 per Internet pogu\u00e9s patir l&#8217;usuari.<\/p>\n\n\n\n<p>M<strong>odificacions<\/strong><\/p>\n\n\n\n<p>L&#8217;EMPRESA es reserva el dret a realitzar les modificacions que consideri oportunes, sense av\u00eds previ, en el contingut del seu lloc web.&nbsp;Tant pel que fa als continguts de la p\u00e0gina web, com en les condicions d&#8217;\u00fas de la mateixa.&nbsp;Aquestes modificacions podran realitzar-se a trav\u00e9s del seu lloc web per qualsevol forma admissible en dret i seran d&#8217;obligat compliment durant el temps en qu\u00e8 es trobin publicades en la web i fins que no siguin modificades v\u00e0lidament per altres posteriors.<\/p>\n\n\n\n<p><strong>Protecci\u00f3 de dades<\/strong><\/p>\n\n\n\n<p>De conformitat amb el que estableix la normativa vigent en Protecci\u00f3 de Dades de Car\u00e0cter Personal, l&#8217;informem que les seves dades seran incorporades a sistema de tractament titularitat de L&#8217;EMPRESA amb la finalitat de poder facilitar, agilitzar i complir els compromisos establerts entre ambdues parts.&nbsp;En compliment amb la normativa vigent, L&#8217;EMPRESA informa que les dades seran conservades durant el termini estrictament necessari per complir amb els preceptes esmentats anteriorment.<\/p>\n\n\n\n<p>L&#8217;informem que el tractament de les seves dades est\u00e0 legitimat per el seu consentiment.<\/p>\n\n\n\n<p>L&#8217;EMPRESA informa que procedir\u00e0 a tractar les dades de manera l\u00edcita, lleial, transparent, adequada, pertinent, limitada, exacta i actualitzada.&nbsp;\u00c9s per aix\u00f2 que L&#8217;EMPRESA es compromet a adoptar totes les mesures raonables perqu\u00e8 aquests es suprimeixin o rectifiquin sense dilaci\u00f3 quan siguin inexactes.<\/p>\n\n\n\n<p>D&#8217;acord amb els drets que li confereix la normativa vigent en protecci\u00f3 de dades podr\u00e0 exercir els drets d&#8217;acc\u00e9s, rectificaci\u00f3, limitaci\u00f3 de tractament, supressi\u00f3, portabilitat i oposici\u00f3 a el tractament de les seves dades de car\u00e0cter personal aix\u00ed com de l&#8217;consentiment prestat per al tractament de els mateixos, dirigint la seva petici\u00f3 a l&#8217;adre\u00e7a postal indicada m\u00e9s amunt o a l&#8217;correu electr\u00f2nic pcortal @&nbsp;<a href=\"mailto:pcortal@cortalprinting.net\">cortalprinting<\/a>&nbsp;.net.<\/p>\n\n\n\n<p>Podr\u00e0 dirigir-se a l&#8217;Autoritat de Control competent per a presentar la reclamaci\u00f3 que consideri oportuna.<\/p>\n\n\n\n<p><strong>Certificat SSL (Secure Sockets Layer)<\/strong><\/p>\n\n\n\n<p>El certificat SSL proporciona autenticaci\u00f3, privacitat i seguretat de la informaci\u00f3 entre L&#8217;EMPRESA i l&#8217;usuari.<\/p>\n\n\n\n<p>L&#8217;EMPRESA disposa d&#8217;un certificat de seguretat que s&#8217;utilitza per a realitzar connexions segures.<\/p>\n\n\n\n<p>En aquest proc\u00e9s s&#8217;estableixen diversos par\u00e0metres per realitzar la connexi\u00f3 de forma segura i s&#8217;estableix usant claus preestablertes, codificant i descodificant totes les dades enviades fins que la connexi\u00f3 sigui tancada.<\/p>\n\n\n\n<p><strong>Propietat intel\u00b7lectual i industrial<\/strong><\/p>\n\n\n\n<p>L&#8217;EMPRESA per si mateixa o com a cession\u00e0ria, \u00e9s titular de tots els drets de propietat intel\u00b7lectual i industrial de la seva p\u00e0gina web, aix\u00ed com dels elements continguts en la mateixa (a t\u00edtol enunciatiu, imatges, so, \u00e0udio, v\u00eddeo, programari o textos ; marques o logotips, combinacions de colors, estructura i disseny, selecci\u00f3 de materials usats, programes d&#8217;ordinador necessaris per al seu funcionament, acc\u00e9s i \u00fas, etc.), titularitat de L&#8217;EMPRESA. Seran, per tant, obres protegides com a propietat intel\u00b7lectual per l&#8217;ordenament jur\u00eddic espanyol, ser\u00e0 d&#8217;aplicaci\u00f3 tant la normativa espanyola i comunit\u00e0ria en aquest camp, com els tractats internacionals relatius a la mat\u00e8ria i subscrits per Espanya.<\/p>\n\n\n\n<p>Tots els drets reservats. En virtut del que disposa la Llei de Propietat Intel\u00b7lectual, queden expressament prohibides la reproducci\u00f3, la distribuci\u00f3 i la comunicaci\u00f3 p\u00fablica, inclosa la seva modalitat de posada a disposici\u00f3, de la totalitat o part dels continguts d&#8217;aquesta p\u00e0gina web, amb fins comercials, en qualsevol suport i per qualsevol mitj\u00e0 t\u00e8cnic, sense l&#8217;autoritzaci\u00f3 de l&#8217;EMPRESA.<\/p>\n\n\n\n<p>L&#8217;usuari es compromet a respectar els drets de Propietat Intel\u00b7lectual i Industrial titularitat de L&#8217;EMPRESA.&nbsp;Podr\u00e0 visualitzar els elements de el portal i fins i tot imprimir-los, copiar-los i emmagatzemar-los al disc dur del seu ordinador o en qualsevol altre suport f\u00edsic sempre que sigui, \u00fanica i exclusivament, per al seu \u00fas personal i privat.&nbsp;L&#8217;usuari haur\u00e0 d&#8217;abstenir-se de suprimir, alterar, eludir o manipular qualsevol dispositiu de protecci\u00f3 o sistema de seguretat que estigu\u00e9s instal\u00b7lat a les p\u00e0gines de L&#8217;EMPRESA.<\/p>\n\n\n\n<p><strong>Accions legals, legislaci\u00f3 aplicable i jurisdicci\u00f3<\/strong><\/p>\n\n\n\n<p>L&#8217;EMPRESA es reserva, aix\u00ed mateix, la facultat de presentar les accions civils o penals que consideri oportunes per la utilitzaci\u00f3 indeguda del seu lloc web i continguts, o per l&#8217;incompliment de les presents condicions.<\/p>\n\n\n\n<p>La relaci\u00f3 entre l&#8217;usuari i el prestador es regir\u00e0 per la normativa vigent i d&#8217;aplicaci\u00f3 en el territori espanyol.&nbsp;De sorgir qualsevol controv\u00e8rsia les parts podran sotmetre els seus conflictes a arbitratge o acudir a la jurisdicci\u00f3 ordin\u00e0ria complint amb les normes sobre jurisdicci\u00f3 i compet\u00e8ncia a l&#8217;respecte.<\/p>\n","protected":false},"excerpt":{"rendered":"<p>En compliment de la Llei 34\/2002, de 11 de juliol, de Serveis de la Societat de la Informaci\u00f3 i de Comer\u00e7 Electr\u00f2nic (LSSI-CE), CORTAL PRINTING SL (en endavant, L&#8217;EMPRESA) informa que \u00e9s titular del lloc web www .cortalprinting.com.\u00a0D&#8217;acord amb l&#8217;exig\u00e8ncia de l&#8217;article 10 de l&#8217;esmentada Llei, L&#8217;EMPRESA informa de les seg\u00fcents dades: El titular d&#8217;aquest &hellip;<\/p>\n<p class=\"read-more\"> <a class=\"\" href=\"https:\/\/www.cortalprinting.com\/ca\/politica-privacitat\/\"> <span class=\"screen-reader-text\">Pol\u00edtica de privacitat<\/span> Llegeix m\u00e9s &raquo;<\/a><\/p>\n","protected":false},"author":1,"featured_media":0,"parent":0,"menu_order":0,"comment_status":"closed","ping_status":"open","template":"","meta":{"_coblocks_attr":"","_coblocks_dimensions":"","_coblocks_responsive_height":"","_coblocks_accordion_ie_support":""},"uagb_featured_image_src":{"full":false,"thumbnail":false,"medium":false,"medium_large":false,"large":false,"1536x1536":false,"2048x2048":false},"uagb_author_info":{"display_name":"IndabaAdmin","author_link":"https:\/\/www.cortalprinting.com\/ca\/author\/indabaadmin\/"},"uagb_comment_info":0,"uagb_excerpt":"En compliment de la Llei 34\/2002, de 11 de juliol, de Serveis de la Societat de la Informaci\u00f3 i de Comer\u00e7 Electr\u00f2nic (LSSI-CE), CORTAL PRINTING SL (en endavant, L&#8217;EMPRESA) informa que \u00e9s titular del lloc web www .cortalprinting.com.\u00a0D&#8217;acord amb l&#8217;exig\u00e8ncia de l&#8217;article 10 de l&#8217;esmentada Llei, L&#8217;EMPRESA informa de les seg\u00fcents dades: El titular d&#8217;aquest&hellip;","_links":{"self":[{"href":"https:\/\/www.cortalprinting.com\/ca\/wp-json\/wp\/v2\/pages\/1262"}],"collection":[{"href":"https:\/\/www.cortalprinting.com\/ca\/wp-json\/wp\/v2\/pages"}],"about":[{"href":"https:\/\/www.cortalprinting.com\/ca\/wp-json\/wp\/v2\/types\/page"}],"author":[{"embeddable":true,"href":"https:\/\/www.cortalprinting.com\/ca\/wp-json\/wp\/v2\/users\/1"}],"replies":[{"embeddable":true,"href":"https:\/\/www.cortalprinting.com\/ca\/wp-json\/wp\/v2\/comments?post=1262"}],"version-history":[{"count":2,"href":"https:\/\/www.cortalprinting.com\/ca\/wp-json\/wp\/v2\/pages\/1262\/revisions"}],"predecessor-version":[{"id":1604,"href":"https:\/\/www.cortalprinting.com\/ca\/wp-json\/wp\/v2\/pages\/1262\/revisions\/1604"}],"wp:attachment":[{"href":"https:\/\/www.cortalprinting.com\/ca\/wp-json\/wp\/v2\/media?parent=1262"}],"curies":[{"name":"wp","href":"https:\/\/api.w.org\/{rel}","templated":true}]}}