{"id":1259,"date":"2020-06-09T11:54:08","date_gmt":"2020-06-09T09:54:08","guid":{"rendered":"https:\/\/www.cortalprinting.com\/laboratorios\/"},"modified":"2020-12-01T20:01:16","modified_gmt":"2020-12-01T19:01:16","slug":"laboratoris","status":"publish","type":"page","link":"https:\/\/www.cortalprinting.com\/ca\/laboratoris\/","title":{"rendered":"Laboratoris"},"content":{"rendered":"\t\t<div data-elementor-type=\"wp-page\" data-elementor-id=\"1259\" class=\"elementor elementor-1259 elementor-179\" data-elementor-settings=\"[]\">\n\t\t\t\t\t\t<div class=\"elementor-inner\">\n\t\t\t\t\t\t\t<div class=\"elementor-section-wrap\">\n\t\t\t\t\t\t\t<section class=\"elementor-section elementor-top-section elementor-element elementor-element-1d308ba elementor-section-boxed elementor-section-height-default elementor-section-height-default\" data-id=\"1d308ba\" data-element_type=\"section\">\n\t\t\t\t\t\t<div class=\"elementor-container elementor-column-gap-default\">\n\t\t\t\t\t\t\t<div class=\"elementor-row\">\n\t\t\t\t\t<div class=\"elementor-column elementor-col-100 elementor-top-column elementor-element elementor-element-d23e3a9\" data-id=\"d23e3a9\" data-element_type=\"column\">\n\t\t\t<div class=\"elementor-column-wrap elementor-element-populated\">\n\t\t\t\t\t\t\t<div class=\"elementor-widget-wrap\">\n\t\t\t\t\t\t<div class=\"elementor-element elementor-element-c6e6f61 elementor-arrows-position-inside elementor-pagination-position-outside elementor-widget elementor-widget-image-carousel\" data-id=\"c6e6f61\" data-element_type=\"widget\" data-settings=\"{&quot;slides_to_show&quot;:&quot;1&quot;,&quot;navigation&quot;:&quot;both&quot;,&quot;autoplay&quot;:&quot;yes&quot;,&quot;pause_on_hover&quot;:&quot;yes&quot;,&quot;pause_on_interaction&quot;:&quot;yes&quot;,&quot;autoplay_speed&quot;:5000,&quot;infinite&quot;:&quot;yes&quot;,&quot;effect&quot;:&quot;slide&quot;,&quot;speed&quot;:500}\" data-widget_type=\"image-carousel.default\">\n\t\t\t\t<div class=\"elementor-widget-container\">\n\t\t\t\t\t<div class=\"elementor-image-carousel-wrapper swiper-container\" dir=\"ltr\">\n\t\t\t<div class=\"elementor-image-carousel swiper-wrapper\">\n\t\t\t\t<div class=\"swiper-slide\"><figure class=\"swiper-slide-inner\"><img class=\"swiper-slide-image\" src=\"https:\/\/www.cortalprinting.com\/wp-content\/uploads\/2020\/11\/pospecte.jpg\" alt=\"pospecte\" \/><\/figure><\/div><div class=\"swiper-slide\"><figure class=\"swiper-slide-inner\"><img class=\"swiper-slide-image\" src=\"https:\/\/www.cortalprinting.com\/wp-content\/uploads\/2020\/11\/IMG_7605.jpg\" alt=\"IMG_7605\" \/><\/figure><\/div><div class=\"swiper-slide\"><figure class=\"swiper-slide-inner\"><img class=\"swiper-slide-image\" src=\"https:\/\/www.cortalprinting.com\/wp-content\/uploads\/2020\/11\/IMG_4753-1.jpg\" alt=\"IMG_4753\" \/><\/figure><\/div><div class=\"swiper-slide\"><figure class=\"swiper-slide-inner\"><img class=\"swiper-slide-image\" src=\"https:\/\/www.cortalprinting.com\/wp-content\/uploads\/2020\/11\/IMG_4760-1.jpg\" alt=\"IMG_4760\" \/><\/figure><\/div><div class=\"swiper-slide\"><figure class=\"swiper-slide-inner\"><img class=\"swiper-slide-image\" src=\"https:\/\/www.cortalprinting.com\/wp-content\/uploads\/2020\/12\/IMG_7873.jpg\" alt=\"IMG_7873\" \/><\/figure><\/div>\t\t\t<\/div>\n\t\t\t\t\t\t\t\t\t\t\t\t<div class=\"swiper-pagination\"><\/div>\n\t\t\t\t\t\t\t\t\t\t\t\t\t<div class=\"elementor-swiper-button elementor-swiper-button-prev\">\n\t\t\t\t\t\t<i class=\"eicon-chevron-left\" aria-hidden=\"true\"><\/i>\n\t\t\t\t\t\t<span class=\"elementor-screen-only\">Anterior<\/span>\n\t\t\t\t\t<\/div>\n\t\t\t\t\t<div class=\"elementor-swiper-button elementor-swiper-button-next\">\n\t\t\t\t\t\t<i class=\"eicon-chevron-right\" aria-hidden=\"true\"><\/i>\n\t\t\t\t\t\t<span class=\"elementor-screen-only\">Seg\u00fcent<\/span>\n\t\t\t\t\t<\/div>\n\t\t\t\t\t\t\t\t\t<\/div>\n\t\t\t\t<\/div>\n\t\t\t\t<\/div>\n\t\t\t\t\t\t<\/div>\n\t\t\t\t\t<\/div>\n\t\t<\/div>\n\t\t\t\t\t\t\t\t<\/div>\n\t\t\t\t\t<\/div>\n\t\t<\/section>\n\t\t\t\t<section class=\"elementor-section elementor-top-section elementor-element elementor-element-f831987 elementor-section-boxed elementor-section-height-default elementor-section-height-default\" data-id=\"f831987\" data-element_type=\"section\">\n\t\t\t\t\t\t<div class=\"elementor-container elementor-column-gap-default\">\n\t\t\t\t\t\t\t<div class=\"elementor-row\">\n\t\t\t\t\t<div class=\"elementor-column elementor-col-100 elementor-top-column elementor-element elementor-element-ab0dbb2\" data-id=\"ab0dbb2\" data-element_type=\"column\">\n\t\t\t<div class=\"elementor-column-wrap elementor-element-populated\">\n\t\t\t\t\t\t\t<div class=\"elementor-widget-wrap\">\n\t\t\t\t\t\t<div class=\"elementor-element elementor-element-e8a77d7 elementor-widget elementor-widget-text-editor\" data-id=\"e8a77d7\" data-element_type=\"widget\" data-widget_type=\"text-editor.default\">\n\t\t\t\t<div class=\"elementor-widget-container\">\n\t\t\t\t\t\t\t\t<div class=\"elementor-text-editor elementor-clearfix\">\n\t\t\t\t\t<p>Som una impremta trigeneracional <strong>ESPECIALITZADA<\/strong> en <strong>LABORATORIS FARMAC\u00c8UTICS<\/strong>, donant un servei integral d&#8217;arts gr\u00e0fiques especialitzat d&#8217;alta qualitat.<\/p><p>En els \u00faltims anys hem entrat de ple en el sector farmac\u00e8utic fidelitzant a grans firmes. Realitzem tots els acabats. Estampat, gravat, acr\u00edlic, plastificat biodegradable. Si hi ha el tenim.<\/p><p>Som especialistes en una \u00e0mplia gamma de productes: Estoigs, Expositors, Prospectes, caixes de medicaments, etiquetes en bobina, M\u00e0rqueting &#8230;<\/p>\t\t\t\t\t<\/div>\n\t\t\t\t\t\t<\/div>\n\t\t\t\t<\/div>\n\t\t\t\t\t\t<\/div>\n\t\t\t\t\t<\/div>\n\t\t<\/div>\n\t\t\t\t\t\t\t\t<\/div>\n\t\t\t\t\t<\/div>\n\t\t<\/section>\n\t\t\t\t\t\t<\/div>\n\t\t\t\t\t\t<\/div>\n\t\t\t\t\t<\/div>\n\t\t","protected":false},"excerpt":{"rendered":"<p>Anterior Siguiente Som una impremta trigeneracional ESPECIALITZADA en LABORATORIS FARMAC\u00c8UTICS, donant un servei integral d&#8217;arts gr\u00e0fiques especialitzat d&#8217;alta qualitat. En els \u00faltims anys hem entrat de ple en el sector farmac\u00e8utic fidelitzant a grans firmes. Realitzem tots els acabats. Estampat, gravat, acr\u00edlic, plastificat biodegradable. Si hi ha el tenim. Som especialistes en una \u00e0mplia gamma &hellip;<\/p>\n<p class=\"read-more\"> <a class=\"\" href=\"https:\/\/www.cortalprinting.com\/ca\/laboratoris\/\"> <span class=\"screen-reader-text\">Laboratoris<\/span> Llegeix m\u00e9s &raquo;<\/a><\/p>\n","protected":false},"author":1,"featured_media":0,"parent":0,"menu_order":0,"comment_status":"closed","ping_status":"closed","template":"elementor_header_footer","meta":{"_coblocks_attr":"","_coblocks_dimensions":"","_coblocks_responsive_height":"","_coblocks_accordion_ie_support":""},"uagb_featured_image_src":{"full":false,"thumbnail":false,"medium":false,"medium_large":false,"large":false,"1536x1536":false,"2048x2048":false},"uagb_author_info":{"display_name":"IndabaAdmin","author_link":"https:\/\/www.cortalprinting.com\/ca\/author\/indabaadmin\/"},"uagb_comment_info":0,"uagb_excerpt":"Anterior Siguiente Som una impremta trigeneracional ESPECIALITZADA en LABORATORIS FARMAC\u00c8UTICS, donant un servei integral d&#8217;arts gr\u00e0fiques especialitzat d&#8217;alta qualitat. En els \u00faltims anys hem entrat de ple en el sector farmac\u00e8utic fidelitzant a grans firmes. Realitzem tots els acabats. Estampat, gravat, acr\u00edlic, plastificat biodegradable. Si hi ha el tenim. Som especialistes en una \u00e0mplia gamma&hellip;","_links":{"self":[{"href":"https:\/\/www.cortalprinting.com\/ca\/wp-json\/wp\/v2\/pages\/1259"}],"collection":[{"href":"https:\/\/www.cortalprinting.com\/ca\/wp-json\/wp\/v2\/pages"}],"about":[{"href":"https:\/\/www.cortalprinting.com\/ca\/wp-json\/wp\/v2\/types\/page"}],"author":[{"embeddable":true,"href":"https:\/\/www.cortalprinting.com\/ca\/wp-json\/wp\/v2\/users\/1"}],"replies":[{"embeddable":true,"href":"https:\/\/www.cortalprinting.com\/ca\/wp-json\/wp\/v2\/comments?post=1259"}],"version-history":[{"count":15,"href":"https:\/\/www.cortalprinting.com\/ca\/wp-json\/wp\/v2\/pages\/1259\/revisions"}],"predecessor-version":[{"id":1787,"href":"https:\/\/www.cortalprinting.com\/ca\/wp-json\/wp\/v2\/pages\/1259\/revisions\/1787"}],"wp:attachment":[{"href":"https:\/\/www.cortalprinting.com\/ca\/wp-json\/wp\/v2\/media?parent=1259"}],"curies":[{"name":"wp","href":"https:\/\/api.w.org\/{rel}","templated":true}]}}