{"id":1256,"date":"2020-10-24T11:24:25","date_gmt":"2020-10-24T09:24:25","guid":{"rendered":"https:\/\/www.cortalprinting.com\/envios\/"},"modified":"2020-11-01T19:55:22","modified_gmt":"2020-11-01T18:55:22","slug":"enviaments","status":"publish","type":"page","link":"https:\/\/www.cortalprinting.com\/ca\/enviaments\/","title":{"rendered":"Enviaments"},"content":{"rendered":"\t\t<div data-elementor-type=\"wp-page\" data-elementor-id=\"1256\" class=\"elementor elementor-1256 elementor-1006\" data-elementor-settings=\"[]\">\n\t\t\t\t\t\t<div class=\"elementor-inner\">\n\t\t\t\t\t\t\t<div class=\"elementor-section-wrap\">\n\t\t\t\t\t\t\t<section class=\"elementor-section elementor-top-section elementor-element elementor-element-df179f0 elementor-section-boxed elementor-section-height-default elementor-section-height-default\" data-id=\"df179f0\" data-element_type=\"section\">\n\t\t\t\t\t\t<div class=\"elementor-container elementor-column-gap-default\">\n\t\t\t\t\t\t\t<div class=\"elementor-row\">\n\t\t\t\t\t<div class=\"elementor-column elementor-col-50 elementor-top-column elementor-element elementor-element-f9c2813\" data-id=\"f9c2813\" data-element_type=\"column\">\n\t\t\t<div class=\"elementor-column-wrap elementor-element-populated\">\n\t\t\t\t\t\t\t<div class=\"elementor-widget-wrap\">\n\t\t\t\t\t\t<div class=\"elementor-element elementor-element-c6bfa66 elementor-widget elementor-widget-image\" data-id=\"c6bfa66\" data-element_type=\"widget\" data-widget_type=\"image.default\">\n\t\t\t\t<div class=\"elementor-widget-container\">\n\t\t\t\t\t\t\t\t<div class=\"elementor-image\">\n\t\t\t\t\t\t\t\t\t\t\t\t<img width=\"600\" height=\"433\" src=\"https:\/\/www.cortalprinting.com\/wp-content\/uploads\/2020\/10\/pallet.jpg\" class=\"attachment-medium_large size-medium_large\" alt=\"\" loading=\"lazy\" \/>\t\t\t\t\t\t\t\t\t\t\t\t\t\t<\/div>\n\t\t\t\t\t\t<\/div>\n\t\t\t\t<\/div>\n\t\t\t\t\t\t<\/div>\n\t\t\t\t\t<\/div>\n\t\t<\/div>\n\t\t\t\t<div class=\"elementor-column elementor-col-50 elementor-top-column elementor-element elementor-element-0d8c405\" data-id=\"0d8c405\" data-element_type=\"column\">\n\t\t\t<div class=\"elementor-column-wrap elementor-element-populated\">\n\t\t\t\t\t\t\t<div class=\"elementor-widget-wrap\">\n\t\t\t\t\t\t<div class=\"elementor-element elementor-element-f9bfce4 elementor-widget elementor-widget-eael-advanced-data-table\" data-id=\"f9bfce4\" data-element_type=\"widget\" data-widget_type=\"eael-advanced-data-table.default\">\n\t\t\t\t<div class=\"elementor-widget-container\">\n\t\t\t<div class=\"ea-advanced-data-table-wrap\" data-id=\"f9bfce4\"><div class=\"ea-advanced-data-table-wrap-inner\">\n                <table class=\"ea-advanced-data-table ea-advanced-data-table-static ea-advanced-data-table-f9bfce4\" data-id=\"f9bfce4\"><tbody><tr><td><p>Fins a 10 kg<\/p><\/td><td>8 \u20ac<\/td><\/tr><tr><td>De 10 a 20 kg<\/td><td>14 \u20ac<\/td><\/tr><\/tbody><\/table>\n            <\/div><\/div>\t\t<\/div>\n\t\t\t\t<\/div>\n\t\t\t\t<div class=\"elementor-element elementor-element-ce9cba5 elementor-widget elementor-widget-text-editor\" data-id=\"ce9cba5\" data-element_type=\"widget\" data-widget_type=\"text-editor.default\">\n\t\t\t\t<div class=\"elementor-widget-container\">\n\t\t\t\t\t\t\t\t<div class=\"elementor-text-editor elementor-clearfix\">\n\t\t\t\t\t<p><span lang=\"ES\">Per a m\u00e9s kg consultar.<\/span><\/p><p>Enviaments a tota la pen\u00ednsula.<\/p><p>Consulteu preus per a enviaments a l&#8217;estranger.<\/p>\t\t\t\t\t<\/div>\n\t\t\t\t\t\t<\/div>\n\t\t\t\t<\/div>\n\t\t\t\t\t\t<\/div>\n\t\t\t\t\t<\/div>\n\t\t<\/div>\n\t\t\t\t\t\t\t\t<\/div>\n\t\t\t\t\t<\/div>\n\t\t<\/section>\n\t\t\t\t<section class=\"elementor-section elementor-top-section elementor-element elementor-element-f44c451 elementor-section-boxed elementor-section-height-default elementor-section-height-default\" data-id=\"f44c451\" data-element_type=\"section\">\n\t\t\t\t\t\t<div class=\"elementor-container elementor-column-gap-default\">\n\t\t\t\t\t\t\t<div class=\"elementor-row\">\n\t\t\t\t\t<div class=\"elementor-column elementor-col-100 elementor-top-column elementor-element elementor-element-3be6ab7\" data-id=\"3be6ab7\" data-element_type=\"column\">\n\t\t\t<div class=\"elementor-column-wrap elementor-element-populated\">\n\t\t\t\t\t\t\t<div class=\"elementor-widget-wrap\">\n\t\t\t\t\t\t<div class=\"elementor-element elementor-element-122ee3b elementor-widget elementor-widget-heading\" data-id=\"122ee3b\" data-element_type=\"widget\" data-widget_type=\"heading.default\">\n\t\t\t\t<div class=\"elementor-widget-container\">\n\t\t\t<h2 class=\"elementor-heading-title elementor-size-default\">\u00bfNecessita m\u00e9s informaci\u00f3?<\/h2>\t\t<\/div>\n\t\t\t\t<\/div>\n\t\t\t\t<div class=\"elementor-element elementor-element-3d0af22 elementor-widget elementor-widget-heading\" data-id=\"3d0af22\" data-element_type=\"widget\" data-widget_type=\"heading.default\">\n\t\t\t\t<div class=\"elementor-widget-container\">\n\t\t\t<p class=\"elementor-heading-title elementor-size-default\">Mantenim sempre una relaci\u00f3 directa i flu\u00efda amb el client via mail, tel\u00e8fon o en persona.<\/p>\t\t<\/div>\n\t\t\t\t<\/div>\n\t\t\t\t<div class=\"elementor-element elementor-element-f7851fb elementor-align-center elementor-widget elementor-widget-button\" data-id=\"f7851fb\" data-element_type=\"widget\" data-widget_type=\"button.default\">\n\t\t\t\t<div class=\"elementor-widget-container\">\n\t\t\t\t\t<div class=\"elementor-button-wrapper\">\n\t\t\t<a href=\"https:\/\/www.cortalprinting.com\/ca\/contacte\/\" class=\"elementor-button-link elementor-button elementor-size-sm\" role=\"button\">\n\t\t\t\t\t\t<span class=\"elementor-button-content-wrapper\">\n\t\t\t\t\t\t<span class=\"elementor-button-text\">Contactar<\/span>\n\t\t<\/span>\n\t\t\t\t\t<\/a>\n\t\t<\/div>\n\t\t\t\t<\/div>\n\t\t\t\t<\/div>\n\t\t\t\t\t\t<\/div>\n\t\t\t\t\t<\/div>\n\t\t<\/div>\n\t\t\t\t\t\t\t\t<\/div>\n\t\t\t\t\t<\/div>\n\t\t<\/section>\n\t\t\t\t\t\t<\/div>\n\t\t\t\t\t\t<\/div>\n\t\t\t\t\t<\/div>\n\t\t","protected":false},"excerpt":{"rendered":"<p>Fins a 10 kg 8 \u20ac De 10 a 20 kg 14 \u20ac Per a m\u00e9s kg consultar. Enviaments a tota la pen\u00ednsula. Consulteu preus per a enviaments a l&#8217;estranger. \u00bfNecessita m\u00e9s informaci\u00f3? Mantenim sempre una relaci\u00f3 directa i flu\u00efda amb el client via mail, tel\u00e8fon o en persona. Contactar<\/p>\n","protected":false},"author":1,"featured_media":0,"parent":0,"menu_order":0,"comment_status":"closed","ping_status":"closed","template":"","meta":{"_coblocks_attr":"","_coblocks_dimensions":"","_coblocks_responsive_height":"","_coblocks_accordion_ie_support":""},"uagb_featured_image_src":{"full":false,"thumbnail":false,"medium":false,"medium_large":false,"large":false,"1536x1536":false,"2048x2048":false},"uagb_author_info":{"display_name":"IndabaAdmin","author_link":"https:\/\/www.cortalprinting.com\/ca\/author\/indabaadmin\/"},"uagb_comment_info":0,"uagb_excerpt":"Fins a 10 kg 8 \u20ac De 10 a 20 kg 14 \u20ac Per a m\u00e9s kg consultar. Enviaments a tota la pen\u00ednsula. Consulteu preus per a enviaments a l&#8217;estranger. \u00bfNecessita m\u00e9s informaci\u00f3? Mantenim sempre una relaci\u00f3 directa i flu\u00efda amb el client via mail, tel\u00e8fon o en persona. Contactar","_links":{"self":[{"href":"https:\/\/www.cortalprinting.com\/ca\/wp-json\/wp\/v2\/pages\/1256"}],"collection":[{"href":"https:\/\/www.cortalprinting.com\/ca\/wp-json\/wp\/v2\/pages"}],"about":[{"href":"https:\/\/www.cortalprinting.com\/ca\/wp-json\/wp\/v2\/types\/page"}],"author":[{"embeddable":true,"href":"https:\/\/www.cortalprinting.com\/ca\/wp-json\/wp\/v2\/users\/1"}],"replies":[{"embeddable":true,"href":"https:\/\/www.cortalprinting.com\/ca\/wp-json\/wp\/v2\/comments?post=1256"}],"version-history":[{"count":4,"href":"https:\/\/www.cortalprinting.com\/ca\/wp-json\/wp\/v2\/pages\/1256\/revisions"}],"predecessor-version":[{"id":1271,"href":"https:\/\/www.cortalprinting.com\/ca\/wp-json\/wp\/v2\/pages\/1256\/revisions\/1271"}],"wp:attachment":[{"href":"https:\/\/www.cortalprinting.com\/ca\/wp-json\/wp\/v2\/media?parent=1256"}],"curies":[{"name":"wp","href":"https:\/\/api.w.org\/{rel}","templated":true}]}}